{"id":37,"date":"2024-12-09T20:51:55","date_gmt":"2024-12-09T20:51:55","guid":{"rendered":"https:\/\/gmbh.growdevs.com\/?page_id=37"},"modified":"2024-12-22T19:58:49","modified_gmt":"2024-12-22T19:58:49","slug":"services","status":"publish","type":"page","link":"https:\/\/edho-gmbh.de\/de\/services\/","title":{"rendered":"Dienstleistungen"},"content":{"rendered":"<div class=\"gb-container gb-container-2d612032 alignfull\">\n<div class=\"gb-container gb-container-6827eca3 normal-container\">\n\t\t\t<!-- Flexy Breadcrumb -->\r\n\t\t\t<div class=\"fbc fbc-page\">\r\n\r\n\t\t\t\t<!-- Breadcrumb wrapper -->\r\n\t\t\t\t<div class=\"fbc-wrap\">\r\n\r\n\t\t\t\t\t<!-- Ordered list-->\r\n\t\t\t\t\t<ol class=\"fbc-items\" itemscope itemtype=\"https:\/\/schema.org\/BreadcrumbList\">\r\n\t\t\t\t\t\t            <li itemprop=\"itemListElement\" itemscope itemtype=\"https:\/\/schema.org\/ListItem\">\r\n                <span itemprop=\"name\">\r\n                    <!-- Home Link -->\r\n                    <a itemprop=\"item\" href=\"https:\/\/edho-gmbh.de\/de\/\">\r\n                    \r\n                        ED-HO                    <\/a>\r\n                <\/span>\r\n                <meta itemprop=\"position\" content=\"1\" \/><!-- Meta Position-->\r\n             <\/li><li><span class=\"fbc-separator\">><\/span><\/li><li class=\"active\" itemprop=\"itemListElement\" itemscope itemtype=\"https:\/\/schema.org\/ListItem\"><span itemprop=\"name\" title=\"Blog\">Blog<\/span><meta itemprop=\"position\" content=\"2\" \/><\/li>\t\t\t\t\t<\/ol>\r\n\t\t\t\t\t<div class=\"clearfix\"><\/div>\r\n\t\t\t\t<\/div>\r\n\t\t\t<\/div>\r\n\t\t\t\n\n<\/div>\n<\/div>\n\n<div class=\"gb-container gb-container-abe24e51\">\n\n<div class=\"gb-headline gb-headline-c692d124 gb-headline-text\">\/ Unsere Dienstleistungen \/<\/div>\n\n\n\n<h2 class=\"gb-headline gb-headline-10d85ae6 gb-headline-text\">Ideen in digitalen Erfolg umwandeln<\/h2>\n\n<\/div>\n\n<div class=\"gb-container gb-container-f25ecdeb\">\n<div class=\"gb-container gb-container-df349bef\">\n<div class=\"gb-container gb-container-617826dc\">\n<div class=\"gb-grid-wrapper gb-grid-wrapper-1aeaae78\">\n<div class=\"gb-grid-column gb-grid-column-064fc2ad\"><div class=\"gb-container gb-container-064fc2ad\">\n<div class=\"gb-container gb-container-6ace4668\">\n\n<h2 class=\"gb-headline gb-headline-45057055 gb-headline-text\">Meta-Management<\/h2>\n\n\n\n<div class=\"gb-headline gb-headline-0adc8959 gb-headline-text\">Erreichen Sie die richtige Zielgruppe zur richtigen Zeit. Mit datengesteuerten Strategien und pr\u00e4zisem Targeting erstellen wir Kampagnen, die die Sichtbarkeit der Marke erh\u00f6hen, das Engagement steigern und zu Konversionen f\u00fchren. Unternehmen, die Meta Ads nutzen, berichten von einer durchschnittlichen Steigerung der Markenbekanntheit um 25% und einer Verbesserung der Nutzerbindung um 35%. <\/div>\n\n\n<div class=\"gb-container gb-container-65681257\">\n\n<a class=\"gb-button gb-button-da2646b9\" href=\"https:\/\/edho-gmbh.de\/de\/meta\/\"><span class=\"gb-button-text\">Jetzt erforschen<\/span><span class=\"gb-icon\"><svg fill=\"none\" viewbox=\"0 0 17 17\" height=\"17\" width=\"17\" xmlns=\"http:\/\/www.w3.org\/2000\/svg\">   <path fill=\"black\" d=\"M6.07591 2.87648C5.98001 2.9191 5.89476 2.98304 5.82017 3.06828C5.74558 3.15353 5.69763 3.23878 5.67631 3.32403C5.63369 3.48387 5.63369 3.64904 5.67631 3.81953C5.69763 3.89412 5.74291 3.97404 5.81218 4.05929C5.88144 4.14454 5.9587 4.2138 6.04395 4.26709L6.1878 4.347L11.9261 4.36299L4.5894 11.7156C4.08857 12.2165 3.73958 12.5734 3.54245 12.7866C3.34531 12.9997 3.2201 13.1489 3.16682 13.2341C3.13486 13.2981 3.1242 13.3673 3.13486 13.4419V13.5058C3.1242 13.7403 3.20146 13.9294 3.36662 14.0733C3.53179 14.2171 3.72094 14.2837 3.93406 14.2731L3.98201 14.2891C4.0566 14.2891 4.12586 14.2731 4.1898 14.2411C4.27505 14.1772 4.43222 14.0413 4.66133 13.8335C4.89043 13.6257 5.26073 13.2608 5.77222 12.7386L13.029 5.49785L13.0449 8.34301C13.0449 9.66435 13.0476 10.4715 13.0529 10.7646C13.0583 11.0576 13.0716 11.2308 13.0929 11.2841C13.1781 11.4652 13.3113 11.6011 13.4925 11.6917C13.6736 11.7822 13.8601 11.7956 14.0519 11.7316C14.2011 11.6997 14.3263 11.6251 14.4276 11.5078C14.5288 11.3906 14.5901 11.2574 14.6114 11.1082C14.6327 10.991 14.638 9.67501 14.6274 7.16019V3.38796L14.5634 3.26009C14.4782 3.07894 14.345 2.94041 14.1638 2.84451L14.036 2.78057H6.25174L6.07591 2.87648Z\"><\/path> <\/svg><\/span><\/a>\n\n<\/div>\n<\/div>\n<\/div><\/div>\n\n<div class=\"gb-grid-column gb-grid-column-f9972254\"><div class=\"gb-container gb-container-f9972254\">\n\n<figure class=\"gb-block-image gb-block-image-653c1e02\"><img loading=\"lazy\" decoding=\"async\" width=\"380\" height=\"224\" class=\"gb-image gb-image-653c1e02\" src=\"https:\/\/edho-gmbh.de\/wp-content\/uploads\/2024\/12\/meta.png\" alt=\"\" title=\"meta\" srcset=\"https:\/\/edho-gmbh.de\/wp-content\/uploads\/2024\/12\/meta.png 380w, https:\/\/edho-gmbh.de\/wp-content\/uploads\/2024\/12\/meta-300x177.png 300w, https:\/\/edho-gmbh.de\/wp-content\/uploads\/2024\/12\/meta-18x12.png 18w\" sizes=\"auto, (max-width: 380px) 100vw, 380px\" \/><\/figure>\n\n<\/div><\/div>\n<\/div>\n<\/div>\n\n<div class=\"gb-container gb-container-e8d66a48\">\n<div class=\"gb-grid-wrapper gb-grid-wrapper-b99752a2\">\n<div class=\"gb-grid-column gb-grid-column-a748b592\"><div class=\"gb-container gb-container-a748b592\">\n<div class=\"gb-container gb-container-51d4a43c\">\n\n<h2 class=\"gb-headline gb-headline-276e7198 gb-headline-text\">SEO<\/h2>\n\n\n\n<div class=\"gb-headline gb-headline-36b80892 gb-headline-text\">Unsere fachkundigen SEO-Dienstleistungen verhelfen Ihrem Unternehmen zu einer besseren Platzierung in den Suchmaschinen und sorgen daf\u00fcr, dass Ihre Zielgruppe Sie findet, wenn es am wichtigsten ist. Wir verwenden einen umfassenden Ansatz, von der Keyword-Optimierung bis zur On-Page- und Off-Page-SEO, um die Sichtbarkeit Ihrer Website zu verbessern, den organischen Traffic zu steigern und die Konversionsrate zu erh\u00f6hen.<\/div>\n\n\n<div class=\"gb-container gb-container-d0eb9d33\">\n\n<a class=\"gb-button gb-button-3d51b970\" href=\"https:\/\/edho-gmbh.de\/de\/seo-services\/\"><span class=\"gb-button-text\">Jetzt erforschen<\/span><span class=\"gb-icon\"><svg fill=\"none\" viewbox=\"0 0 17 17\" height=\"17\" width=\"17\" xmlns=\"http:\/\/www.w3.org\/2000\/svg\">   <path fill=\"black\" d=\"M6.07591 2.87648C5.98001 2.9191 5.89476 2.98304 5.82017 3.06828C5.74558 3.15353 5.69763 3.23878 5.67631 3.32403C5.63369 3.48387 5.63369 3.64904 5.67631 3.81953C5.69763 3.89412 5.74291 3.97404 5.81218 4.05929C5.88144 4.14454 5.9587 4.2138 6.04395 4.26709L6.1878 4.347L11.9261 4.36299L4.5894 11.7156C4.08857 12.2165 3.73958 12.5734 3.54245 12.7866C3.34531 12.9997 3.2201 13.1489 3.16682 13.2341C3.13486 13.2981 3.1242 13.3673 3.13486 13.4419V13.5058C3.1242 13.7403 3.20146 13.9294 3.36662 14.0733C3.53179 14.2171 3.72094 14.2837 3.93406 14.2731L3.98201 14.2891C4.0566 14.2891 4.12586 14.2731 4.1898 14.2411C4.27505 14.1772 4.43222 14.0413 4.66133 13.8335C4.89043 13.6257 5.26073 13.2608 5.77222 12.7386L13.029 5.49785L13.0449 8.34301C13.0449 9.66435 13.0476 10.4715 13.0529 10.7646C13.0583 11.0576 13.0716 11.2308 13.0929 11.2841C13.1781 11.4652 13.3113 11.6011 13.4925 11.6917C13.6736 11.7822 13.8601 11.7956 14.0519 11.7316C14.2011 11.6997 14.3263 11.6251 14.4276 11.5078C14.5288 11.3906 14.5901 11.2574 14.6114 11.1082C14.6327 10.991 14.638 9.67501 14.6274 7.16019V3.38796L14.5634 3.26009C14.4782 3.07894 14.345 2.94041 14.1638 2.84451L14.036 2.78057H6.25174L6.07591 2.87648Z\"><\/path> <\/svg><\/span><\/a>\n\n<\/div>\n<\/div>\n<\/div><\/div>\n\n<div class=\"gb-grid-column gb-grid-column-9a471dc6\"><div class=\"gb-container gb-container-9a471dc6\">\n\n<figure class=\"gb-block-image gb-block-image-76d62511\"><img loading=\"lazy\" decoding=\"async\" width=\"380\" height=\"224\" class=\"gb-image gb-image-76d62511\" src=\"https:\/\/edho-gmbh.de\/wp-content\/uploads\/2024\/12\/seo.png\" alt=\"\" title=\"seo\" srcset=\"https:\/\/edho-gmbh.de\/wp-content\/uploads\/2024\/12\/seo.png 380w, https:\/\/edho-gmbh.de\/wp-content\/uploads\/2024\/12\/seo-300x177.png 300w, https:\/\/edho-gmbh.de\/wp-content\/uploads\/2024\/12\/seo-18x12.png 18w\" sizes=\"auto, (max-width: 380px) 100vw, 380px\" \/><\/figure>\n\n<\/div><\/div>\n<\/div>\n<\/div>\n\n<div class=\"gb-container gb-container-5b3ffaea\">\n<div class=\"gb-grid-wrapper gb-grid-wrapper-1538e343\">\n<div class=\"gb-grid-column gb-grid-column-6d3c1746\"><div class=\"gb-container gb-container-6d3c1746\">\n<div class=\"gb-container gb-container-ca156c07\">\n\n<h2 class=\"gb-headline gb-headline-1a84e9e6 gb-headline-text\">Google-Anzeigen<\/h2>\n\n\n\n<div class=\"gb-headline gb-headline-d050f4cd gb-headline-text\">Mit unseren Google Ads-Diensten helfen wir Ihnen, durch strategische Anzeigenschaltungen mit potenziellen Kunden in Kontakt zu treten. Im Durchschnitt verzeichnen Unternehmen, die Google Ads nutzen, einen Anstieg der Leads um 40% und eine Senkung der Kosten pro Akquisition um 50%! Unser Ansatz stellt sicher, dass jeder von Ihnen investierte Dollar eine maximale Wirkung erzielt, Ihren ROI steigert und die Konversionsrate erh\u00f6ht.<\/div>\n\n\n<div class=\"gb-container gb-container-a2ce69e9\">\n\n<a class=\"gb-button gb-button-7a480dff\" href=\"https:\/\/edho-gmbh.de\/de\/google-ads\/\"><span class=\"gb-button-text\">Jetzt erforschen<\/span><span class=\"gb-icon\"><svg fill=\"none\" viewbox=\"0 0 17 17\" height=\"17\" width=\"17\" xmlns=\"http:\/\/www.w3.org\/2000\/svg\">   <path fill=\"black\" d=\"M6.07591 2.87648C5.98001 2.9191 5.89476 2.98304 5.82017 3.06828C5.74558 3.15353 5.69763 3.23878 5.67631 3.32403C5.63369 3.48387 5.63369 3.64904 5.67631 3.81953C5.69763 3.89412 5.74291 3.97404 5.81218 4.05929C5.88144 4.14454 5.9587 4.2138 6.04395 4.26709L6.1878 4.347L11.9261 4.36299L4.5894 11.7156C4.08857 12.2165 3.73958 12.5734 3.54245 12.7866C3.34531 12.9997 3.2201 13.1489 3.16682 13.2341C3.13486 13.2981 3.1242 13.3673 3.13486 13.4419V13.5058C3.1242 13.7403 3.20146 13.9294 3.36662 14.0733C3.53179 14.2171 3.72094 14.2837 3.93406 14.2731L3.98201 14.2891C4.0566 14.2891 4.12586 14.2731 4.1898 14.2411C4.27505 14.1772 4.43222 14.0413 4.66133 13.8335C4.89043 13.6257 5.26073 13.2608 5.77222 12.7386L13.029 5.49785L13.0449 8.34301C13.0449 9.66435 13.0476 10.4715 13.0529 10.7646C13.0583 11.0576 13.0716 11.2308 13.0929 11.2841C13.1781 11.4652 13.3113 11.6011 13.4925 11.6917C13.6736 11.7822 13.8601 11.7956 14.0519 11.7316C14.2011 11.6997 14.3263 11.6251 14.4276 11.5078C14.5288 11.3906 14.5901 11.2574 14.6114 11.1082C14.6327 10.991 14.638 9.67501 14.6274 7.16019V3.38796L14.5634 3.26009C14.4782 3.07894 14.345 2.94041 14.1638 2.84451L14.036 2.78057H6.25174L6.07591 2.87648Z\"><\/path> <\/svg><\/span><\/a>\n\n<\/div>\n<\/div>\n<\/div><\/div>\n\n<div class=\"gb-grid-column gb-grid-column-1ffca9f7\"><div class=\"gb-container gb-container-1ffca9f7\">\n\n<figure class=\"gb-block-image gb-block-image-c16db44b\"><img loading=\"lazy\" decoding=\"async\" width=\"380\" height=\"224\" class=\"gb-image gb-image-c16db44b\" src=\"https:\/\/edho-gmbh.de\/wp-content\/uploads\/2024\/12\/google.png\" alt=\"\" title=\"Google\" srcset=\"https:\/\/edho-gmbh.de\/wp-content\/uploads\/2024\/12\/google.png 380w, https:\/\/edho-gmbh.de\/wp-content\/uploads\/2024\/12\/google-300x177.png 300w, https:\/\/edho-gmbh.de\/wp-content\/uploads\/2024\/12\/google-18x12.png 18w\" sizes=\"auto, (max-width: 380px) 100vw, 380px\" \/><\/figure>\n\n<\/div><\/div>\n<\/div>\n<\/div>\n\n<div class=\"gb-container gb-container-7f074391\">\n<div class=\"gb-grid-wrapper gb-grid-wrapper-c6e226d6\">\n<div class=\"gb-grid-column gb-grid-column-2ff80df6\"><div class=\"gb-container gb-container-2ff80df6\">\n<div class=\"gb-container gb-container-d470ad2a\">\n\n<h2 class=\"gb-headline gb-headline-7425f910 gb-headline-text\">Website<\/h2>\n\n\n\n<div class=\"gb-headline gb-headline-5290e5ff gb-headline-text\">Ihre Website ist der Eckpfeiler Ihrer Online-Pr\u00e4senz. Unsere Website-Dienste sind darauf ausgerichtet, benutzerfreundliche, optisch ansprechende und leistungsstarke Websites zu erstellen, die zu Ergebnissen f\u00fchren. Ganz gleich, ob Sie eine neue Website, eine Neugestaltung oder eine Optimierung ben\u00f6tigen, wir sorgen daf\u00fcr, dass Ihre Website auff\u00e4llt und Besucher in treue Kunden verwandelt.<\/div>\n\n\n<div class=\"gb-container gb-container-f7c75149\">\n\n<a class=\"gb-button gb-button-1cab49ff\" href=\"https:\/\/edho-gmbh.de\/de\/website-services\/\"><span class=\"gb-button-text\">Jetzt erforschen<\/span><span class=\"gb-icon\"><svg fill=\"none\" viewbox=\"0 0 17 17\" height=\"17\" width=\"17\" xmlns=\"http:\/\/www.w3.org\/2000\/svg\">   <path fill=\"black\" d=\"M6.07591 2.87648C5.98001 2.9191 5.89476 2.98304 5.82017 3.06828C5.74558 3.15353 5.69763 3.23878 5.67631 3.32403C5.63369 3.48387 5.63369 3.64904 5.67631 3.81953C5.69763 3.89412 5.74291 3.97404 5.81218 4.05929C5.88144 4.14454 5.9587 4.2138 6.04395 4.26709L6.1878 4.347L11.9261 4.36299L4.5894 11.7156C4.08857 12.2165 3.73958 12.5734 3.54245 12.7866C3.34531 12.9997 3.2201 13.1489 3.16682 13.2341C3.13486 13.2981 3.1242 13.3673 3.13486 13.4419V13.5058C3.1242 13.7403 3.20146 13.9294 3.36662 14.0733C3.53179 14.2171 3.72094 14.2837 3.93406 14.2731L3.98201 14.2891C4.0566 14.2891 4.12586 14.2731 4.1898 14.2411C4.27505 14.1772 4.43222 14.0413 4.66133 13.8335C4.89043 13.6257 5.26073 13.2608 5.77222 12.7386L13.029 5.49785L13.0449 8.34301C13.0449 9.66435 13.0476 10.4715 13.0529 10.7646C13.0583 11.0576 13.0716 11.2308 13.0929 11.2841C13.1781 11.4652 13.3113 11.6011 13.4925 11.6917C13.6736 11.7822 13.8601 11.7956 14.0519 11.7316C14.2011 11.6997 14.3263 11.6251 14.4276 11.5078C14.5288 11.3906 14.5901 11.2574 14.6114 11.1082C14.6327 10.991 14.638 9.67501 14.6274 7.16019V3.38796L14.5634 3.26009C14.4782 3.07894 14.345 2.94041 14.1638 2.84451L14.036 2.78057H6.25174L6.07591 2.87648Z\"><\/path> <\/svg><\/span><\/a>\n\n<\/div>\n<\/div>\n<\/div><\/div>\n\n<div class=\"gb-grid-column gb-grid-column-8c086f6b\"><div class=\"gb-container gb-container-8c086f6b\">\n\n<figure class=\"gb-block-image gb-block-image-8c09b079\"><img loading=\"lazy\" decoding=\"async\" width=\"380\" height=\"224\" class=\"gb-image gb-image-8c09b079\" src=\"https:\/\/edho-gmbh.de\/wp-content\/uploads\/2024\/12\/web.png\" alt=\"\" title=\"Web\" srcset=\"https:\/\/edho-gmbh.de\/wp-content\/uploads\/2024\/12\/web.png 380w, https:\/\/edho-gmbh.de\/wp-content\/uploads\/2024\/12\/web-300x177.png 300w, https:\/\/edho-gmbh.de\/wp-content\/uploads\/2024\/12\/web-18x12.png 18w\" sizes=\"auto, (max-width: 380px) 100vw, 380px\" \/><\/figure>\n\n<\/div><\/div>\n<\/div>\n<\/div>\n<\/div>\n<\/div>\n\n<div class=\"gb-container gb-container-9de5058f\">\n<div class=\"gb-container gb-container-b785268f\">\n<div class=\"gb-grid-wrapper gb-grid-wrapper-5a5ed79b\">\n<div class=\"gb-grid-column gb-grid-column-75ef4932\"><div class=\"gb-container gb-container-75ef4932\">\n<div class=\"gb-container gb-container-a225caa9\">\n\n<h2 class=\"gb-headline gb-headline-7f0b4584 gb-headline-text\">Mit bew\u00e4hrten Taktiken das Wachstum ankurbeln<\/h2>\n\n<\/div>\n<\/div><\/div>\n\n<div class=\"gb-grid-column gb-grid-column-c6c74772\"><div class=\"gb-container gb-container-c6c74772\">\n\n<div class=\"gb-headline gb-headline-2a6a4cee gb-headline-text\">Website-Entwicklung, SEO, soziale Medien und PPC. Nehmen Sie noch heute Kontakt f\u00fcr ein kostenloses Angebot auf!<\/div>\n\n\n<div class=\"gb-container gb-container-0e733287 fluen-address form-btn form-btn-black\">\n<div class='fluentform ff-inherit-theme-style fluentform_wrapper_3  ff_guten_block'><form data-form_id=\"3\" id=\"fluentform_3\" class=\"frm-fluent-form fluent_form_3 ff-el-form-top ff_form_instance_3_1 ff-form-loading ffs_inherit_theme\" data-form_instance=\"ff_form_instance_3_1\" method=\"POST\" action=\"\" ><fieldset  style=\"border: none!important;margin: 0!important;padding: 0!important;background-color: transparent!important;box-shadow: none!important;outline: none!important; min-inline-size: 100%;\">\n                    <legend class=\"ff_screen_reader_title\" style=\"display: block; margin: 0!important;padding: 0!important;height: 0!important;text-indent: -999999px;width: 0!important;overflow:hidden;\">Newsletter<\/legend><input type='hidden' name='__fluent_form_embded_post_id' value='37' \/><input type=\"hidden\" id=\"_fluentform_3_fluentformnonce\" name=\"_fluentform_3_fluentformnonce\" value=\"29e1018921\" \/><input type=\"hidden\" name=\"_wp_http_referer\" value=\"\/de\/wp-json\/wp\/v2\/pages\/37\" \/><div data-name=\"ff_cn_id_1\"  class='ff-t-container ff-column-container ff_columns_total_2'><div class='ff-t-cell ff-t-column-1' style='flex-basis: 48.53%;'><div class='ff-el-group ff-el-form-hide_label'><div class=\"ff-el-input--label ff-el-is-required asterisk-right\"><label for='ff_3_email' aria-label=\"E-Mail\">E-Mail<\/label><\/div><div class='ff-el-input--content'><input type=\"email\" name=\"email\" id=\"ff_3_email\" class=\"ff-el-form-control address-email\" placeholder=\"E-Mail eingeben\" data-name=\"email\"  aria-invalid=\"false\" aria-required=\"true\"><\/div><\/div><\/div><div class='ff-t-cell ff-t-column-2' style='flex-basis: 51.47%;'><div class='ff-el-group ff-text-left ff_submit_btn_wrapper ff_submit_btn_wrapper_custom'><button class=\"ff-btn ff-btn-submit ff-btn-md address-sub ff_btn_no_style\" type=\"submit\" name=\"custom_submit_button-3_1\" data-name=\"custom_submit_button-3_1\" >Jetzt abonnieren<\/button><\/div><\/div><\/div><\/fieldset><input type=\"hidden\" name=\"trp-form-language\" value=\"de\"\/><\/form><div id='fluentform_3_errors' class='ff-errors-in-stack ff_form_instance_3_1 ff-form-loading_errors ff_form_instance_3_1_errors'><\/div><\/div>        <script type=\"text\/javascript\">\n            window.fluent_form_ff_form_instance_3_1 = {\"id\":\"3\",\"settings\":{\"layout\":{\"labelPlacement\":\"top\",\"asteriskPlacement\":\"asterisk-right\",\"helpMessagePlacement\":\"with_label\",\"errorMessagePlacement\":\"inline\",\"cssClassName\":\"\"},\"restrictions\":{\"denyEmptySubmission\":{\"enabled\":false}}},\"form_instance\":\"ff_form_instance_3_1\",\"form_id_selector\":\"fluentform_3\",\"rules\":{\"email\":{\"required\":{\"value\":true,\"message\":\"Dieses Feld ist erforderlich\",\"global_message\":\"This field is required\",\"global\":true},\"email\":{\"value\":true,\"message\":\"Dieses Feld muss eine g\\u00fcltige E-Mail-Adresse enthalten\",\"global_message\":\"This field must contain a valid email\",\"global\":true}}},\"debounce_time\":300};\n                    <\/script>\n        \n<\/div>\n<\/div><\/div>\n<\/div>\n<\/div>\n<\/div>","protected":false},"excerpt":{"rendered":"<p>\/ Unsere Dienstleistungen \/ Umsetzung von Ideen in digitalen Erfolg<\/p>","protected":false},"author":1,"featured_media":0,"parent":0,"menu_order":0,"comment_status":"closed","ping_status":"closed","template":"","meta":{"inline_featured_image":false,"footnotes":""},"class_list":["post-37","page","type-page","status-publish"],"_links":{"self":[{"href":"https:\/\/edho-gmbh.de\/de\/wp-json\/wp\/v2\/pages\/37","targetHints":{"allow":["GET"]}}],"collection":[{"href":"https:\/\/edho-gmbh.de\/de\/wp-json\/wp\/v2\/pages"}],"about":[{"href":"https:\/\/edho-gmbh.de\/de\/wp-json\/wp\/v2\/types\/page"}],"author":[{"embeddable":true,"href":"https:\/\/edho-gmbh.de\/de\/wp-json\/wp\/v2\/users\/1"}],"replies":[{"embeddable":true,"href":"https:\/\/edho-gmbh.de\/de\/wp-json\/wp\/v2\/comments?post=37"}],"version-history":[{"count":34,"href":"https:\/\/edho-gmbh.de\/de\/wp-json\/wp\/v2\/pages\/37\/revisions"}],"predecessor-version":[{"id":1350,"href":"https:\/\/edho-gmbh.de\/de\/wp-json\/wp\/v2\/pages\/37\/revisions\/1350"}],"wp:attachment":[{"href":"https:\/\/edho-gmbh.de\/de\/wp-json\/wp\/v2\/media?parent=37"}],"curies":[{"name":"wp","href":"https:\/\/api.w.org\/{rel}","templated":true}]}}