{"id":35,"date":"2024-12-09T20:51:38","date_gmt":"2024-12-09T20:51:38","guid":{"rendered":"https:\/\/gmbh.growdevs.com\/?page_id=35"},"modified":"2025-02-24T19:00:08","modified_gmt":"2025-02-24T19:00:08","slug":"about-us","status":"publish","type":"page","link":"https:\/\/edho-gmbh.de\/de\/about-us\/","title":{"rendered":"\u00dcber uns"},"content":{"rendered":"<div class=\"gb-container gb-container-2d612032 alignfull\">\n<div class=\"gb-container gb-container-6827eca3 normal-container\">\n\t\t\t<!-- Flexy Breadcrumb -->\r\n\t\t\t<div class=\"fbc fbc-page\">\r\n\r\n\t\t\t\t<!-- Breadcrumb wrapper -->\r\n\t\t\t\t<div class=\"fbc-wrap\">\r\n\r\n\t\t\t\t\t<!-- Ordered list-->\r\n\t\t\t\t\t<ol class=\"fbc-items\" itemscope itemtype=\"https:\/\/schema.org\/BreadcrumbList\">\r\n\t\t\t\t\t\t            <li itemprop=\"itemListElement\" itemscope itemtype=\"https:\/\/schema.org\/ListItem\">\r\n                <span itemprop=\"name\">\r\n                    <!-- Home Link -->\r\n                    <a itemprop=\"item\" href=\"https:\/\/edho-gmbh.de\/de\/\">\r\n                    \r\n                        ED-HO                    <\/a>\r\n                <\/span>\r\n                <meta itemprop=\"position\" content=\"1\" \/><!-- Meta Position-->\r\n             <\/li><li><span class=\"fbc-separator\">><\/span><\/li><li class=\"active\" itemprop=\"itemListElement\" itemscope itemtype=\"https:\/\/schema.org\/ListItem\"><span itemprop=\"name\" title=\"Blog\">Blog<\/span><meta itemprop=\"position\" content=\"2\" \/><\/li>\t\t\t\t\t<\/ol>\r\n\t\t\t\t\t<div class=\"clearfix\"><\/div>\r\n\t\t\t\t<\/div>\r\n\t\t\t<\/div>\r\n\t\t\t\n\n<\/div>\n<\/div>\n\n<div class=\"gb-container gb-container-fc549681 alignfull\">\n<div class=\"gb-grid-wrapper gb-grid-wrapper-e09f8540\">\n<div class=\"gb-grid-column gb-grid-column-a259e80d\"><div class=\"gb-container gb-container-a259e80d\">\n\n<figure class=\"gb-block-image gb-block-image-fb2afc33\"><img loading=\"lazy\" decoding=\"async\" width=\"834\" height=\"531\" class=\"gb-image gb-image-fb2afc33\" src=\"https:\/\/edho-gmbh.de\/wp-content\/uploads\/2024\/12\/about-us-2.png\" alt=\"\" title=\"\u00fcber uns 2\" srcset=\"https:\/\/edho-gmbh.de\/wp-content\/uploads\/2024\/12\/about-us-2.png 834w, https:\/\/edho-gmbh.de\/wp-content\/uploads\/2024\/12\/about-us-2-300x191.png 300w, https:\/\/edho-gmbh.de\/wp-content\/uploads\/2024\/12\/about-us-2-768x489.png 768w, https:\/\/edho-gmbh.de\/wp-content\/uploads\/2024\/12\/about-us-2-18x12.png 18w\" sizes=\"auto, (max-width: 834px) 100vw, 834px\" \/><\/figure>\n\n<\/div><\/div>\n\n<div class=\"gb-grid-column gb-grid-column-118936ae\"><div class=\"gb-container gb-container-118936ae\">\n<div class=\"gb-container gb-container-b46f24af\">\n\n<div class=\"gb-headline gb-headline-0b30b6e9 gb-headline-text\">\/ \u00dcber uns \/<\/div>\n\n\n\n<h2 class=\"gb-headline gb-headline-3d0f07a3 gb-headline-text\">Ihr Partner f\u00fcr erfolgreiches digitales Marketing<\/h2>\n\n\n\n<div class=\"gb-headline gb-headline-f9b6d786 gb-headline-text\">Wir von ED-HO wissen, wie wichtig ein effektives digitales Marketing f\u00fcr das Wachstum Ihres Unternehmens ist. Unser Fachwissen in den Bereichen SEO, Google Ads, Meta Ads und Webdesign hilft Unternehmen wie dem Ihren, sich in einem zunehmend wettbewerbsintensiven Online-Umfeld zu behaupten.<\/div>\n\n\n<div class=\"gb-container gb-container-ec2ba0ba gb-tabs\" role=\"tablist\" data-opened-tab=\"1\">\n<div class=\"gb-container gb-container-5ef8e859 gb-tabs__buttons\" role=\"list\">\n\n<button class=\"gb-button gb-button-ab45ea1f gb-button-text gb-tabs__button gb-block-is-current\" id=\"gb-tab-button-ab45ea1f\" role=\"tab\">Unser Auftrag<\/button>\n\n\n\n<button class=\"gb-button gb-button-03bfd2c8 gb-button-text gb-tabs__button\" id=\"gb-tab-button-03bfd2c8\" role=\"tab\">Unsere Vision<\/button>\n\n<\/div>\n\n<div class=\"gb-container gb-container-5a72adb4 gb-tabs__items\">\n<div class=\"gb-container gb-container-7532c0d5 gb-tabs__item gb-tabs__item-open\" id=\"gb-tab-item-7532c0d5\" role=\"tabpanel\">\n\n<div class=\"gb-headline gb-headline-2e486113 gb-headline-text\">Unser Ziel ist es, innovative und ergebnisorientierte digitale Marketingl\u00f6sungen zu liefern, die Unternehmen mit ihrer Zielgruppe verbinden. Wir konzentrieren uns auf die Entwicklung ma\u00dfgeschneiderter Strategien, die die Sichtbarkeit erh\u00f6hen, den Traffic steigern und das Wachstum unserer Kunden f\u00f6rdern.<\/div>\n\n\n\n<p><br>Wir sind der Meinung, dass jedes Unternehmen eine Strategie verdient, die auf seine Ziele zugeschnitten ist, und wir engagieren uns f\u00fcr den Aufbau langfristiger Partnerschaften durch transparente Kommunikation und ma\u00dfgeschneiderte digitale L\u00f6sungen.<\/p>\n\n<\/div>\n\n<div class=\"gb-container gb-container-956018a4 gb-tabs__item\" id=\"gb-tab-item-956018a4\" role=\"tabpanel\">\n\n<div class=\"gb-headline gb-headline-5a44fb63 gb-headline-text\">Unser Ziel ist es, digitale L\u00f6sungen zu entwickeln, die nicht nur die aktuellen Bed\u00fcrfnisse unserer Kunden erf\u00fcllen, sondern sie auch f\u00fcr den zuk\u00fcnftigen Erfolg positionieren. Mit unserem Fokus auf Innovation entwickeln wir uns st\u00e4ndig weiter, um der digitalen Kurve voraus zu sein und sicherzustellen, dass Ihr Unternehmen in einer sich st\u00e4ndig ver\u00e4ndernden Landschaft floriert.<\/div>\n\n\n\n<p><br>Wir bei ED-HO helfen unseren Kunden leidenschaftlich gerne beim Wachstum. Durch kontinuierliches Lernen, Zusammenarbeit und Ergebnisorientierung wollen wir einen messbaren Einfluss auf den digitalen Erfolg Ihres Unternehmens haben.<\/p>\n\n<\/div>\n<\/div>\n<\/div>\n\n<div class=\"gb-container gb-container-9c3e6022\">\n\n<div class=\"gb-headline gb-headline-617d9444\"><span class=\"gb-icon\"><svg fill=\"none\" viewbox=\"0 0 17 25\" height=\"25\" width=\"17\" xmlns=\"http:\/\/www.w3.org\/2000\/svg\">   <path fill=\"black\" d=\"M5.99584 6.46241C5.89993 6.50504 5.81468 6.56897 5.74009 6.65422C5.6655 6.73947 5.61755 6.82472 5.59624 6.90997C5.55361 7.06981 5.55361 7.23497 5.59624 7.40547C5.61755 7.48006 5.66284 7.55998 5.7321 7.64523C5.80136 7.73048 5.87862 7.79974 5.96387 7.85302L6.10772 7.93294L11.846 7.94893L4.50932 15.3016C4.00849 15.8024 3.65951 16.1594 3.46237 16.3725C3.26523 16.5856 3.14003 16.7348 3.08675 16.8201C3.05478 16.884 3.04412 16.9533 3.05478 17.0278V17.0918C3.04412 17.3262 3.12138 17.5154 3.28655 17.6592C3.45171 17.8031 3.64086 17.8697 3.85398 17.859L3.90193 17.875C3.97652 17.875 4.04579 17.859 4.10972 17.827C4.19497 17.7631 4.35215 17.6272 4.58125 17.4195C4.81035 17.2117 5.18065 16.8467 5.69214 16.3246L12.9489 9.08379L12.9649 11.9289C12.9649 13.2503 12.9675 14.0575 12.9729 14.3505C12.9782 14.6436 12.9915 14.8167 13.0128 14.87C13.0981 15.0512 13.2313 15.187 13.4124 15.2776C13.5936 15.3682 13.7801 15.3815 13.9719 15.3176C14.121 15.2856 14.2463 15.211 14.3475 15.0938C14.4487 14.9766 14.51 14.8434 14.5313 14.6942C14.5526 14.577 14.5579 13.2609 14.5473 10.7461V6.9739L14.4833 6.84603C14.3981 6.66488 14.2649 6.52635 14.0837 6.43044L13.9559 6.36651H6.17166L5.99584 6.46241Z\"><\/path> <\/svg><\/span><\/div>\n\n\n\n<div class=\"gb-headline gb-headline-561b15b7 gb-headline-text\"><a href=\"https:\/\/edho-gmbh.de\/de\/contact-us\/\" data-type=\"page\" data-id=\"41\">Kontakt<\/a><\/div>\n\n<\/div>\n<\/div>\n<\/div><\/div>\n<\/div>\n<\/div>\n\n<div class=\"gb-container gb-container-a1bb5bf8 alignfull\">\n<div class=\"gb-container gb-container-27efe2a2 normal-container\">\n<div class=\"gb-container gb-container-1ec4df56\">\n<div class=\"gb-grid-wrapper gb-grid-wrapper-a5d06441\">\n<div class=\"gb-grid-column gb-grid-column-300e54d2\"><div class=\"gb-container gb-container-300e54d2\">\n\n<div class=\"gb-headline gb-headline-d4997f83 gb-headline-text\">\/ Unser Engagement \/<\/div>\n\n\n\n<h2 class=\"gb-headline gb-headline-12c4b10a gb-headline-text\">Ihre Gesch\u00e4ftsziele sind unsere oberste Priorit\u00e4t<\/h2>\n\n<\/div><\/div>\n\n<div class=\"gb-grid-column gb-grid-column-0a7f0020\"><div class=\"gb-container gb-container-0a7f0020 tabs-btn\">\n<div class=\"gb-container gb-container-f9a108dd gb-tabs\" role=\"tablist\" data-opened-tab=\"1\">\n<div class=\"gb-container gb-container-4a4f036a gb-tabs__buttons\" role=\"list\">\n\n<button class=\"gb-button gb-button-12cf99b3 gb-button-text gb-tabs__button gb-block-is-current\" id=\"gb-tab-button-12cf99b3\" role=\"tab\">Fachwissen<\/button>\n\n\n\n<button class=\"gb-button gb-button-8f648441 gb-button-text gb-tabs__button\" id=\"gb-tab-button-8f648441\" role=\"tab\">Zusammenarbeit<\/button>\n\n\n\n<button class=\"gb-button gb-button-fd69f481 gb-button-text gb-tabs__button\" id=\"gb-tab-button-fd69f481\" role=\"tab\">Innovation<\/button>\n\n<\/div>\n\n<div class=\"gb-container gb-container-b0fae26f gb-tabs__items\">\n<div class=\"gb-container gb-container-cb5ce1f1 gb-tabs__item gb-tabs__item-open\" id=\"gb-tab-item-cb5ce1f1\" role=\"tabpanel\">\n\n<div class=\"gb-headline gb-headline-e0b817c8 gb-headline-text\">Wir kombinieren technisches Know-how mit einem kreativen Ansatz, um L\u00f6sungen zu liefern, die echtes Wachstum f\u00f6rdern. Sie k\u00f6nnen sich auf unsere bew\u00e4hrten Methoden verlassen, um die Komplexit\u00e4t des digitalen Marketings zu bew\u00e4ltigen und Ihr Unternehmen voranzubringen.<\/div>\n\n<\/div>\n\n<div class=\"gb-container gb-container-ffa72841 gb-tabs__item\" id=\"gb-tab-item-ffa72841\" role=\"tabpanel\">\n\n<div class=\"gb-headline gb-headline-87c2fe35 gb-headline-text\">Wir sind davon \u00fcberzeugt, dass das Verst\u00e4ndnis Ihrer einzigartigen Vision der Schl\u00fcssel zur Entwicklung von Strategien ist, die funktionieren. Unser Team arbeitet engagiert mit Ihnen zusammen und stellt sicher, dass Ihre Ziele jede unserer Entscheidungen beeinflussen und zu Ergebnissen f\u00fchren, die von Bedeutung sind.<\/div>\n\n<\/div>\n\n<div class=\"gb-container gb-container-50d0a674 gb-tabs__item\" id=\"gb-tab-item-50d0a674\" role=\"tabpanel\">\n\n<div class=\"gb-headline gb-headline-7c3eac28 gb-headline-text\">Wir freuen uns darauf, neue Ideen zu erforschen und modernste digitale L\u00f6sungen zu entwickeln, damit Ihr Unternehmen der Konkurrenz immer einen Schritt voraus ist. Unsere Strategien entwickeln sich mit der digitalen Landschaft, so dass Sie immer auf uns z\u00e4hlen k\u00f6nnen, wenn es darum geht, frische, wirkungsvolle L\u00f6sungen zu liefern.<\/div>\n\n<\/div>\n<\/div>\n<\/div>\n<\/div><\/div>\n<\/div>\n<\/div>\n<\/div>\n<\/div>\n\n<div class=\"gb-container gb-container-eea179f6 embla one-cols\">\n<div class=\"gb-container gb-container-2d20daa1 embla__viewport\">\n<div class=\"gb-grid-wrapper gb-grid-wrapper-9a93ec40 embla__container convert-list\">\n<div class=\"gb-grid-column gb-grid-column-98bdb3be\"><div class=\"gb-container gb-container-98bdb3be\">\n<div class=\"gb-grid-wrapper gb-grid-wrapper-603655a9\">\n<div class=\"gb-grid-column gb-grid-column-f86f117a\"><div class=\"gb-container gb-container-f86f117a\">\n\n<h2 class=\"gb-headline gb-headline-47710c99\"><span class=\"gb-icon\"><svg fill=\"none\" viewbox=\"0 0 37 39\" height=\"39\" width=\"37\" xmlns=\"http:\/\/www.w3.org\/2000\/svg\">   <g clip-path=\"url(#clip0_2_3028)\">     <path fill=\"white\" d=\"M13.8967 5.56132H3.79078C2.85571 5.56132 2.05851 5.89099 1.39917 6.55033C0.739827 7.20967 0.410156 8.00688 0.410156 8.94194V19.0478C0.410156 19.9829 0.739827 20.7801 1.39917 21.4394C2.05851 22.0988 2.85571 22.4285 3.79078 22.4285H8.32224L6.63193 31.2396C6.56001 31.5753 6.63793 31.881 6.8657 32.1567C7.09347 32.4325 7.37519 32.5703 7.71086 32.5703H11.3792C11.8587 32.5703 12.2963 32.4265 12.6919 32.1387C13.0875 31.851 13.3572 31.4674 13.5011 30.9879L16.8457 23.1118C17.1334 22.0089 17.2773 20.894 17.2773 19.7671V8.94194C17.2773 8.00688 16.9476 7.20967 16.2883 6.55033C15.6289 5.89099 14.8317 5.56132 13.8967 5.56132ZM15.0475 19.7671C15.0475 20.6782 14.9276 21.5653 14.6879 22.4285L11.3792 30.3046H9.07749L10.8038 21.5294C10.8757 21.1937 10.7978 20.888 10.57 20.6123C10.3422 20.3365 10.0485 20.1987 9.68888 20.1987H3.79078C3.47909 20.1987 3.21535 20.0848 2.99957 19.857C2.78378 19.6293 2.67589 19.3715 2.67589 19.0838V8.94194C2.67589 8.63025 2.78378 8.36652 2.99957 8.15073C3.21535 7.93495 3.47909 7.82706 3.79078 7.82706H13.8967C14.2084 7.82706 14.4781 7.93495 14.7059 8.15073C14.9336 8.36652 15.0475 8.63025 15.0475 8.94194V19.7671ZM33.0295 5.56132H22.9236C21.9886 5.56132 21.1914 5.89099 20.532 6.55033C19.8727 7.20967 19.543 8.00688 19.543 8.94194V19.0478C19.543 19.9829 19.8727 20.7801 20.532 21.4394C21.1914 22.0988 21.9886 22.4285 22.9236 22.4285H27.4551L25.7288 31.2396C25.6809 31.5753 25.7708 31.881 25.9986 32.1567C26.2263 32.4325 26.5081 32.5703 26.8437 32.5703H30.4761C30.9796 32.5703 31.4291 32.4265 31.8247 32.1387C32.2203 31.851 32.4901 31.4674 32.6339 30.9879L35.9426 23.1118C36.2543 22.0089 36.4102 20.894 36.4102 19.7671V8.94194C36.4102 8.00688 36.0805 7.20967 35.4211 6.55033C34.7618 5.89099 33.9646 5.56132 33.0295 5.56132ZM34.1444 19.7671C34.1444 20.6782 34.0365 21.5653 33.8207 22.4285L30.4761 30.3046H28.2104L29.9366 21.5294C29.9846 21.1937 29.8947 20.888 29.6669 20.6123C29.4391 20.3365 29.1574 20.1987 28.8217 20.1987H22.9236C22.612 20.1987 22.3422 20.0848 22.1145 19.857C21.8867 19.6293 21.7728 19.3715 21.7728 19.0838V8.94194C21.7728 8.63025 21.8867 8.36652 22.1145 8.15073C22.3422 7.93495 22.612 7.82706 22.9236 7.82706H33.0295C33.3412 7.82706 33.605 7.93495 33.8207 8.15073C34.0365 8.36652 34.1444 8.63025 34.1444 8.94194V19.7671Z\"><\/path>   <\/g>   <defs>     <clippath id=\"clip0_2_3028\">       <rect transform=\"matrix(1 0 0 -1 0.410156 38.0625)\" fill=\"white\" height=\"38\" width=\"36\"><\/rect>     <\/clippath>   <\/defs> <\/svg><\/span><\/h2>\n\n\n\n<h2 class=\"gb-headline gb-headline-3d9593d2 gb-headline-text\">Zeugnisse von Kunden<\/h2>\n\n\n\n<div class=\"gb-headline gb-headline-87a55137 gb-headline-text p\"><em>\"Die Erfahrung von ED-HO im digitalen Marketing war f\u00fcr unser Wachstum von unsch\u00e4tzbarem Wert. Sie haben eine SEO- und PPC-Strategie entwickelt, die uns hochwertige Leads einbrachte, und ihre Kommunikation war w\u00e4hrend des gesamten Prozesses erstklassig.\"<\/em><\/div>\n\n\n<div class=\"gb-container gb-container-0f7b92ed\">\n\n<h5 class=\"gb-headline gb-headline-04e2a4e3 gb-headline-text\">Rachel Adams<\/h5>\n\n\n\n<div class=\"gb-headline gb-headline-c14fa539 gb-headline-text\">Marketing-Koordinator<\/div>\n\n<\/div>\n<\/div><\/div>\n<\/div>\n<\/div><\/div>\n\n<div class=\"gb-grid-column gb-grid-column-f72c3dbc\"><div class=\"gb-container gb-container-f72c3dbc\">\n<div class=\"gb-grid-wrapper gb-grid-wrapper-2af1a7da\">\n<div class=\"gb-grid-column gb-grid-column-cab1cfa4\"><div class=\"gb-container gb-container-cab1cfa4\">\n\n<h2 class=\"gb-headline gb-headline-5be4f3ed\"><span class=\"gb-icon\"><svg fill=\"none\" viewbox=\"0 0 37 39\" height=\"39\" width=\"37\" xmlns=\"http:\/\/www.w3.org\/2000\/svg\">   <g clip-path=\"url(#clip0_2_3028)\">     <path fill=\"white\" d=\"M13.8967 5.56132H3.79078C2.85571 5.56132 2.05851 5.89099 1.39917 6.55033C0.739827 7.20967 0.410156 8.00688 0.410156 8.94194V19.0478C0.410156 19.9829 0.739827 20.7801 1.39917 21.4394C2.05851 22.0988 2.85571 22.4285 3.79078 22.4285H8.32224L6.63193 31.2396C6.56001 31.5753 6.63793 31.881 6.8657 32.1567C7.09347 32.4325 7.37519 32.5703 7.71086 32.5703H11.3792C11.8587 32.5703 12.2963 32.4265 12.6919 32.1387C13.0875 31.851 13.3572 31.4674 13.5011 30.9879L16.8457 23.1118C17.1334 22.0089 17.2773 20.894 17.2773 19.7671V8.94194C17.2773 8.00688 16.9476 7.20967 16.2883 6.55033C15.6289 5.89099 14.8317 5.56132 13.8967 5.56132ZM15.0475 19.7671C15.0475 20.6782 14.9276 21.5653 14.6879 22.4285L11.3792 30.3046H9.07749L10.8038 21.5294C10.8757 21.1937 10.7978 20.888 10.57 20.6123C10.3422 20.3365 10.0485 20.1987 9.68888 20.1987H3.79078C3.47909 20.1987 3.21535 20.0848 2.99957 19.857C2.78378 19.6293 2.67589 19.3715 2.67589 19.0838V8.94194C2.67589 8.63025 2.78378 8.36652 2.99957 8.15073C3.21535 7.93495 3.47909 7.82706 3.79078 7.82706H13.8967C14.2084 7.82706 14.4781 7.93495 14.7059 8.15073C14.9336 8.36652 15.0475 8.63025 15.0475 8.94194V19.7671ZM33.0295 5.56132H22.9236C21.9886 5.56132 21.1914 5.89099 20.532 6.55033C19.8727 7.20967 19.543 8.00688 19.543 8.94194V19.0478C19.543 19.9829 19.8727 20.7801 20.532 21.4394C21.1914 22.0988 21.9886 22.4285 22.9236 22.4285H27.4551L25.7288 31.2396C25.6809 31.5753 25.7708 31.881 25.9986 32.1567C26.2263 32.4325 26.5081 32.5703 26.8437 32.5703H30.4761C30.9796 32.5703 31.4291 32.4265 31.8247 32.1387C32.2203 31.851 32.4901 31.4674 32.6339 30.9879L35.9426 23.1118C36.2543 22.0089 36.4102 20.894 36.4102 19.7671V8.94194C36.4102 8.00688 36.0805 7.20967 35.4211 6.55033C34.7618 5.89099 33.9646 5.56132 33.0295 5.56132ZM34.1444 19.7671C34.1444 20.6782 34.0365 21.5653 33.8207 22.4285L30.4761 30.3046H28.2104L29.9366 21.5294C29.9846 21.1937 29.8947 20.888 29.6669 20.6123C29.4391 20.3365 29.1574 20.1987 28.8217 20.1987H22.9236C22.612 20.1987 22.3422 20.0848 22.1145 19.857C21.8867 19.6293 21.7728 19.3715 21.7728 19.0838V8.94194C21.7728 8.63025 21.8867 8.36652 22.1145 8.15073C22.3422 7.93495 22.612 7.82706 22.9236 7.82706H33.0295C33.3412 7.82706 33.605 7.93495 33.8207 8.15073C34.0365 8.36652 34.1444 8.63025 34.1444 8.94194V19.7671Z\"><\/path>   <\/g>   <defs>     <clippath id=\"clip0_2_3028\">       <rect transform=\"matrix(1 0 0 -1 0.410156 38.0625)\" fill=\"white\" height=\"38\" width=\"36\"><\/rect>     <\/clippath>   <\/defs> <\/svg><\/span><\/h2>\n\n\n\n<h2 class=\"gb-headline gb-headline-4c171697 gb-headline-text\">Zeugnisse von Kunden<\/h2>\n\n\n\n<div class=\"gb-headline gb-headline-172a172b gb-headline-text p\"><em>\"Die Zusammenarbeit mit ED-HO war eine der besten Entscheidungen, die wir getroffen haben. Ihre Liebe zum Detail und ihre F\u00e4higkeit, durch gezielte Kampagnen Ergebnisse zu erzielen, haben uns geholfen, unsere Markenbekanntheit und unseren Umsatz zu steigern.<\/em><\/div>\n\n\n<div class=\"gb-container gb-container-348a5972\">\n\n<h5 class=\"gb-headline gb-headline-b033bc8c gb-headline-text\">Chris Johnson<\/h5>\n\n\n\n<div class=\"gb-headline gb-headline-4090c9d6 gb-headline-text\">Produktmanager<\/div>\n\n<\/div>\n<\/div><\/div>\n<\/div>\n<\/div><\/div>\n\n<div class=\"gb-grid-column gb-grid-column-dcdfbf88\"><div class=\"gb-container gb-container-dcdfbf88\">\n<div class=\"gb-grid-wrapper gb-grid-wrapper-daab84ab\">\n<div class=\"gb-grid-column gb-grid-column-6113f4d0\"><div class=\"gb-container gb-container-6113f4d0\">\n\n<h2 class=\"gb-headline gb-headline-e883950e\"><span class=\"gb-icon\"><svg fill=\"none\" viewbox=\"0 0 37 39\" height=\"39\" width=\"37\" xmlns=\"http:\/\/www.w3.org\/2000\/svg\">   <g clip-path=\"url(#clip0_2_3028)\">     <path fill=\"white\" d=\"M13.8967 5.56132H3.79078C2.85571 5.56132 2.05851 5.89099 1.39917 6.55033C0.739827 7.20967 0.410156 8.00688 0.410156 8.94194V19.0478C0.410156 19.9829 0.739827 20.7801 1.39917 21.4394C2.05851 22.0988 2.85571 22.4285 3.79078 22.4285H8.32224L6.63193 31.2396C6.56001 31.5753 6.63793 31.881 6.8657 32.1567C7.09347 32.4325 7.37519 32.5703 7.71086 32.5703H11.3792C11.8587 32.5703 12.2963 32.4265 12.6919 32.1387C13.0875 31.851 13.3572 31.4674 13.5011 30.9879L16.8457 23.1118C17.1334 22.0089 17.2773 20.894 17.2773 19.7671V8.94194C17.2773 8.00688 16.9476 7.20967 16.2883 6.55033C15.6289 5.89099 14.8317 5.56132 13.8967 5.56132ZM15.0475 19.7671C15.0475 20.6782 14.9276 21.5653 14.6879 22.4285L11.3792 30.3046H9.07749L10.8038 21.5294C10.8757 21.1937 10.7978 20.888 10.57 20.6123C10.3422 20.3365 10.0485 20.1987 9.68888 20.1987H3.79078C3.47909 20.1987 3.21535 20.0848 2.99957 19.857C2.78378 19.6293 2.67589 19.3715 2.67589 19.0838V8.94194C2.67589 8.63025 2.78378 8.36652 2.99957 8.15073C3.21535 7.93495 3.47909 7.82706 3.79078 7.82706H13.8967C14.2084 7.82706 14.4781 7.93495 14.7059 8.15073C14.9336 8.36652 15.0475 8.63025 15.0475 8.94194V19.7671ZM33.0295 5.56132H22.9236C21.9886 5.56132 21.1914 5.89099 20.532 6.55033C19.8727 7.20967 19.543 8.00688 19.543 8.94194V19.0478C19.543 19.9829 19.8727 20.7801 20.532 21.4394C21.1914 22.0988 21.9886 22.4285 22.9236 22.4285H27.4551L25.7288 31.2396C25.6809 31.5753 25.7708 31.881 25.9986 32.1567C26.2263 32.4325 26.5081 32.5703 26.8437 32.5703H30.4761C30.9796 32.5703 31.4291 32.4265 31.8247 32.1387C32.2203 31.851 32.4901 31.4674 32.6339 30.9879L35.9426 23.1118C36.2543 22.0089 36.4102 20.894 36.4102 19.7671V8.94194C36.4102 8.00688 36.0805 7.20967 35.4211 6.55033C34.7618 5.89099 33.9646 5.56132 33.0295 5.56132ZM34.1444 19.7671C34.1444 20.6782 34.0365 21.5653 33.8207 22.4285L30.4761 30.3046H28.2104L29.9366 21.5294C29.9846 21.1937 29.8947 20.888 29.6669 20.6123C29.4391 20.3365 29.1574 20.1987 28.8217 20.1987H22.9236C22.612 20.1987 22.3422 20.0848 22.1145 19.857C21.8867 19.6293 21.7728 19.3715 21.7728 19.0838V8.94194C21.7728 8.63025 21.8867 8.36652 22.1145 8.15073C22.3422 7.93495 22.612 7.82706 22.9236 7.82706H33.0295C33.3412 7.82706 33.605 7.93495 33.8207 8.15073C34.0365 8.36652 34.1444 8.63025 34.1444 8.94194V19.7671Z\"><\/path>   <\/g>   <defs>     <clippath id=\"clip0_2_3028\">       <rect transform=\"matrix(1 0 0 -1 0.410156 38.0625)\" fill=\"white\" height=\"38\" width=\"36\"><\/rect>     <\/clippath>   <\/defs> <\/svg><\/span><\/h2>\n\n\n\n<h2 class=\"gb-headline gb-headline-34137a36 gb-headline-text\">Zeugnisse von Kunden<\/h2>\n\n\n\n<div class=\"gb-headline gb-headline-5fe85ae4 gb-headline-text p\"><em>\"ED-HO hat uns geholfen, unser digitales Marketing auf die n\u00e4chste Stufe zu heben. Mit ihrem datengesteuerten Ansatz und ihren ma\u00dfgeschneiderten L\u00f6sungen haben wir einen sp\u00fcrbaren Anstieg des Kundenengagements und der Online-Verk\u00e4ufe erlebt.\"<\/em><\/div>\n\n\n<div class=\"gb-container gb-container-3961545d\">\n\n<h5 class=\"gb-headline gb-headline-085a75f0 gb-headline-text\">Laura Mitchell<\/h5>\n\n\n\n<div class=\"gb-headline gb-headline-fc25f460 gb-headline-text\">Leiter der digitalen Strategie<\/div>\n\n<\/div>\n<\/div><\/div>\n<\/div>\n<\/div><\/div>\n<\/div>\n<\/div>\n\n<div class=\"gb-container gb-container-8835a7dd embla__controls embla-dots\">\n\n<span class=\"gb-button gb-button-57a734eb gb-button-text embla__dots\"><\/span>\n\n<\/div>\n<\/div>","protected":false},"excerpt":{"rendered":"","protected":false},"author":1,"featured_media":0,"parent":0,"menu_order":0,"comment_status":"closed","ping_status":"closed","template":"","meta":{"inline_featured_image":false,"footnotes":""},"class_list":["post-35","page","type-page","status-publish"],"_links":{"self":[{"href":"https:\/\/edho-gmbh.de\/de\/wp-json\/wp\/v2\/pages\/35","targetHints":{"allow":["GET"]}}],"collection":[{"href":"https:\/\/edho-gmbh.de\/de\/wp-json\/wp\/v2\/pages"}],"about":[{"href":"https:\/\/edho-gmbh.de\/de\/wp-json\/wp\/v2\/types\/page"}],"author":[{"embeddable":true,"href":"https:\/\/edho-gmbh.de\/de\/wp-json\/wp\/v2\/users\/1"}],"replies":[{"embeddable":true,"href":"https:\/\/edho-gmbh.de\/de\/wp-json\/wp\/v2\/comments?post=35"}],"version-history":[{"count":88,"href":"https:\/\/edho-gmbh.de\/de\/wp-json\/wp\/v2\/pages\/35\/revisions"}],"predecessor-version":[{"id":1561,"href":"https:\/\/edho-gmbh.de\/de\/wp-json\/wp\/v2\/pages\/35\/revisions\/1561"}],"wp:attachment":[{"href":"https:\/\/edho-gmbh.de\/de\/wp-json\/wp\/v2\/media?parent=35"}],"curies":[{"name":"wp","href":"https:\/\/api.w.org\/{rel}","templated":true}]}}