{"id":1521,"date":"2024-12-26T16:53:32","date_gmt":"2024-12-26T16:53:32","guid":{"rendered":"https:\/\/edho-gmbh.de\/?page_id=1521"},"modified":"2024-12-26T16:54:22","modified_gmt":"2024-12-26T16:54:22","slug":"impressum","status":"publish","type":"page","link":"https:\/\/edho-gmbh.de\/de\/impressum\/","title":{"rendered":"Impressum"},"content":{"rendered":"<div class=\"gb-container gb-container-6afca737\">\n\n<p><strong>Angaben gem\u00e4\u00df \u00a7 5 TMG<\/strong><\/p>\n\n\n\n<p><strong>ED-HO GmbH<\/strong><br>61348 Bad Homburg v.d. H\u00f6he<br>Deutschland<\/p>\n\n\n\n<p><strong>Handelsregister:<\/strong><br>Registergericht: Amtsgericht Bad Homburg<br>Register-Nummer: HRB 16637<\/p>\n\n\n\n<p><strong>Kontakt<\/strong><br>Telefon: +49 (0)1622301875<br>E-Mail: <a>info@edho-gmbh.de<\/a><br>Website: <a href=\"https:\/\/edho-gmbh.de\/de\/\">https:\/\/edho-gmbh.de\/<\/a><\/p>\n\n\n\n<p><strong>Verantwortlich f\u00fcr den Inhalt gem\u00e4\u00df \u00a7 55 Abs. 2 RStV:<\/strong><br>Wachsen.al<br>61348 Bad Homburg v.d. H\u00f6he<br>Deutschland<\/p>\n\n\n\n<hr class=\"wp-block-separator has-alpha-channel-opacity\"\/>\n\n\n\n<h3 class=\"wp-block-heading\">Hinweise zur Streitbeilegung<\/h3>\n\n\n\n<p>Die Europ\u00e4ische Kommission stellt eine Plattform zur Online-Streitbeilegung (OS) bereit:<br><a href=\"https:\/\/ec.europa.eu\/consumers\/odr\/\">https:\/\/ec.europa.eu\/consumers\/odr\/<\/a><br>Wir sind weder verpflichtet noch bereit, an einem Streitbeilegungsverfahren vor einer Verbraucherschlichtungsstelle teilzunehmen.<\/p>\n\n\n\n<hr class=\"wp-block-separator has-alpha-channel-opacity\"\/>\n\n<\/div>","protected":false},"excerpt":{"rendered":"<p>Angaben gem\u00e4\u00df \u00a7 5 TMG ED-HO GmbH61348 Bad Homburg v.d. H\u00f6heDeutschland Handelsregister:Registergericht: Amtsgericht Bad HomburgRegisternummer: HRB 16637 KontaktTelefon: +49 (0)1622301875E-Mail: info@edho-gmbh.deWebsite: https:\/\/edho-gmbh.de\/ Verantwortlich f\u00fcr den Inhalt gem\u00e4\u00df \u00a7 55 Abs. 2 RStV:Grow.al61348 Bad Homburg v.d. H\u00f6heDeutschland Hinweise zur Streitbeilegung Die Europ\u00e4ische Kommission stellt eine Plattform zur Online-Streitbeilegung (OS) bereit:https:\/\/ec.europa.eu\/consumers\/odr\/Wir sind weder verpflichtet noch ... <a title=\"Impressum\" class=\"read-more\" href=\"https:\/\/edho-gmbh.de\/de\/impressum\/\" aria-label=\"Mehr Informationen \u00fcber Impressum\">Weiterlesen<\/a><\/p>","protected":false},"author":1,"featured_media":0,"parent":0,"menu_order":0,"comment_status":"closed","ping_status":"closed","template":"","meta":{"inline_featured_image":false,"footnotes":""},"class_list":["post-1521","page","type-page","status-publish"],"_links":{"self":[{"href":"https:\/\/edho-gmbh.de\/de\/wp-json\/wp\/v2\/pages\/1521","targetHints":{"allow":["GET"]}}],"collection":[{"href":"https:\/\/edho-gmbh.de\/de\/wp-json\/wp\/v2\/pages"}],"about":[{"href":"https:\/\/edho-gmbh.de\/de\/wp-json\/wp\/v2\/types\/page"}],"author":[{"embeddable":true,"href":"https:\/\/edho-gmbh.de\/de\/wp-json\/wp\/v2\/users\/1"}],"replies":[{"embeddable":true,"href":"https:\/\/edho-gmbh.de\/de\/wp-json\/wp\/v2\/comments?post=1521"}],"version-history":[{"count":3,"href":"https:\/\/edho-gmbh.de\/de\/wp-json\/wp\/v2\/pages\/1521\/revisions"}],"predecessor-version":[{"id":1524,"href":"https:\/\/edho-gmbh.de\/de\/wp-json\/wp\/v2\/pages\/1521\/revisions\/1524"}],"wp:attachment":[{"href":"https:\/\/edho-gmbh.de\/de\/wp-json\/wp\/v2\/media?parent=1521"}],"curies":[{"name":"wp","href":"https:\/\/api.w.org\/{rel}","templated":true}]}}